{"id":36,"date":"2025-06-08T19:00:40","date_gmt":"2025-06-08T17:00:40","guid":{"rendered":"https:\/\/group-acl.com\/index.php\/front_page\/"},"modified":"2025-10-06T15:14:40","modified_gmt":"2025-10-06T13:14:40","slug":"acl-group-rachat-entreprise-croissance-multisectorielle","status":"publish","type":"page","link":"https:\/\/group-acl.com\/","title":{"rendered":"Accueil"},"content":{"rendered":"\n\n\n\n\n\n","protected":false},"excerpt":{"rendered":"","protected":false},"author":1,"featured_media":0,"parent":0,"menu_order":1,"comment_status":"closed","ping_status":"closed","template":"","meta":{"saved_in_kubio":true,"footnotes":""},"class_list":["post-36","page","type-page","status-publish","hentry"],"kubio_ai_page_context":{"short_desc":"","purpose":"general","isFrontPage":true},"yoast_head":"<!-- This site is optimized with the Yoast SEO plugin v27.4 - https:\/\/yoast.com\/product\/yoast-seo-wordpress\/ -->\n<title>ACL GROUP : Rachat d\u2019entreprises en croissance<\/title>\n<meta name=\"description\" content=\"ACL GROUP est une holding sp\u00e9cialis\u00e9e dans le rachat d\u2019entreprises rentables et multisectorielles dans le BTP, le retail et le conseil.\" \/>\n<meta name=\"robots\" content=\"index, follow, max-snippet:-1, max-image-preview:large, max-video-preview:-1\" \/>\n<link rel=\"canonical\" href=\"https:\/\/group-acl.com\/\" \/>\n<meta property=\"og:locale\" content=\"fr_FR\" \/>\n<meta property=\"og:type\" content=\"article\" \/>\n<meta property=\"og:title\" content=\"ACL GROUP : Rachat d\u2019entreprises en croissance\" \/>\n<meta property=\"og:description\" content=\"ACL GROUP est une holding sp\u00e9cialis\u00e9e dans le rachat d\u2019entreprises rentables et multisectorielles dans le BTP, le retail et le conseil.\" \/>\n<meta property=\"og:url\" content=\"https:\/\/group-acl.com\/\" \/>\n<meta property=\"og:site_name\" content=\"ACL Group\" \/>\n<meta property=\"article:publisher\" content=\"https:\/\/www.facebook.com\/profile.php?id=61573459799469\" \/>\n<meta property=\"article:modified_time\" content=\"2025-10-06T13:14:40+00:00\" \/>\n<meta name=\"twitter:card\" content=\"summary_large_image\" \/>\n<meta name=\"twitter:label1\" content=\"Dur\u00e9e de lecture estim\u00e9e\" \/>\n\t<meta name=\"twitter:data1\" content=\"2 minutes\" \/>\n<script type=\"application\/ld+json\" class=\"yoast-schema-graph\">{\"@context\":\"https:\\\/\\\/schema.org\",\"@graph\":[{\"@type\":\"WebPage\",\"@id\":\"https:\\\/\\\/group-acl.com\\\/\",\"url\":\"https:\\\/\\\/group-acl.com\\\/\",\"name\":\"ACL GROUP : Rachat d\u2019entreprises en croissance\",\"isPartOf\":{\"@id\":\"https:\\\/\\\/group-acl.com\\\/#website\"},\"datePublished\":\"2025-06-08T17:00:40+00:00\",\"dateModified\":\"2025-10-06T13:14:40+00:00\",\"description\":\"ACL GROUP est une holding sp\u00e9cialis\u00e9e dans le rachat d\u2019entreprises rentables et multisectorielles dans le BTP, le retail et le conseil.\",\"breadcrumb\":{\"@id\":\"https:\\\/\\\/group-acl.com\\\/#breadcrumb\"},\"inLanguage\":\"fr-FR\",\"potentialAction\":[{\"@type\":\"ReadAction\",\"target\":[\"https:\\\/\\\/group-acl.com\\\/\"]}]},{\"@type\":\"BreadcrumbList\",\"@id\":\"https:\\\/\\\/group-acl.com\\\/#breadcrumb\",\"itemListElement\":[{\"@type\":\"ListItem\",\"position\":1,\"name\":\"Accueil\",\"item\":\"https:\\\/\\\/group-acl.com\\\/\"},{\"@type\":\"ListItem\",\"position\":2,\"name\":\"Accueil\"}]},{\"@type\":\"WebSite\",\"@id\":\"https:\\\/\\\/group-acl.com\\\/#website\",\"url\":\"https:\\\/\\\/group-acl.com\\\/\",\"name\":\"ACL Group\",\"description\":\"Diversit\u00e9 d&#039;activit\u00e9s, Unit\u00e9 de succ\u00e8s\",\"publisher\":{\"@id\":\"https:\\\/\\\/group-acl.com\\\/#organization\"},\"potentialAction\":[{\"@type\":\"SearchAction\",\"target\":{\"@type\":\"EntryPoint\",\"urlTemplate\":\"https:\\\/\\\/group-acl.com\\\/?s={search_term_string}\"},\"query-input\":{\"@type\":\"PropertyValueSpecification\",\"valueRequired\":true,\"valueName\":\"search_term_string\"}}],\"inLanguage\":\"fr-FR\"},{\"@type\":\"Organization\",\"@id\":\"https:\\\/\\\/group-acl.com\\\/#organization\",\"name\":\"ACL Group\",\"url\":\"https:\\\/\\\/group-acl.com\\\/\",\"logo\":{\"@type\":\"ImageObject\",\"inLanguage\":\"fr-FR\",\"@id\":\"https:\\\/\\\/group-acl.com\\\/#\\\/schema\\\/logo\\\/image\\\/\",\"url\":\"https:\\\/\\\/group-acl.com\\\/wp-content\\\/uploads\\\/2025\\\/02\\\/cropped-ACL-LOGO-1-1.png\",\"contentUrl\":\"https:\\\/\\\/group-acl.com\\\/wp-content\\\/uploads\\\/2025\\\/02\\\/cropped-ACL-LOGO-1-1.png\",\"width\":1106,\"height\":1098,\"caption\":\"ACL Group\"},\"image\":{\"@id\":\"https:\\\/\\\/group-acl.com\\\/#\\\/schema\\\/logo\\\/image\\\/\"},\"sameAs\":[\"https:\\\/\\\/www.facebook.com\\\/profile.php?id=61573459799469\",\"https:\\\/\\\/www.linkedin.com\\\/company\\\/group-acl\\\/?viewAsMember=true\"]}]}<\/script>\n<!-- \/ Yoast SEO plugin. -->","yoast_head_json":{"title":"ACL GROUP : Rachat d\u2019entreprises en croissance","description":"ACL GROUP est une holding sp\u00e9cialis\u00e9e dans le rachat d\u2019entreprises rentables et multisectorielles dans le BTP, le retail et le conseil.","robots":{"index":"index","follow":"follow","max-snippet":"max-snippet:-1","max-image-preview":"max-image-preview:large","max-video-preview":"max-video-preview:-1"},"canonical":"https:\/\/group-acl.com\/","og_locale":"fr_FR","og_type":"article","og_title":"ACL GROUP : Rachat d\u2019entreprises en croissance","og_description":"ACL GROUP est une holding sp\u00e9cialis\u00e9e dans le rachat d\u2019entreprises rentables et multisectorielles dans le BTP, le retail et le conseil.","og_url":"https:\/\/group-acl.com\/","og_site_name":"ACL Group","article_publisher":"https:\/\/www.facebook.com\/profile.php?id=61573459799469","article_modified_time":"2025-10-06T13:14:40+00:00","twitter_card":"summary_large_image","twitter_misc":{"Dur\u00e9e de lecture estim\u00e9e":"2 minutes"},"schema":{"@context":"https:\/\/schema.org","@graph":[{"@type":"WebPage","@id":"https:\/\/group-acl.com\/","url":"https:\/\/group-acl.com\/","name":"ACL GROUP : Rachat d\u2019entreprises en croissance","isPartOf":{"@id":"https:\/\/group-acl.com\/#website"},"datePublished":"2025-06-08T17:00:40+00:00","dateModified":"2025-10-06T13:14:40+00:00","description":"ACL GROUP est une holding sp\u00e9cialis\u00e9e dans le rachat d\u2019entreprises rentables et multisectorielles dans le BTP, le retail et le conseil.","breadcrumb":{"@id":"https:\/\/group-acl.com\/#breadcrumb"},"inLanguage":"fr-FR","potentialAction":[{"@type":"ReadAction","target":["https:\/\/group-acl.com\/"]}]},{"@type":"BreadcrumbList","@id":"https:\/\/group-acl.com\/#breadcrumb","itemListElement":[{"@type":"ListItem","position":1,"name":"Accueil","item":"https:\/\/group-acl.com\/"},{"@type":"ListItem","position":2,"name":"Accueil"}]},{"@type":"WebSite","@id":"https:\/\/group-acl.com\/#website","url":"https:\/\/group-acl.com\/","name":"ACL Group","description":"Diversit\u00e9 d&#039;activit\u00e9s, Unit\u00e9 de succ\u00e8s","publisher":{"@id":"https:\/\/group-acl.com\/#organization"},"potentialAction":[{"@type":"SearchAction","target":{"@type":"EntryPoint","urlTemplate":"https:\/\/group-acl.com\/?s={search_term_string}"},"query-input":{"@type":"PropertyValueSpecification","valueRequired":true,"valueName":"search_term_string"}}],"inLanguage":"fr-FR"},{"@type":"Organization","@id":"https:\/\/group-acl.com\/#organization","name":"ACL Group","url":"https:\/\/group-acl.com\/","logo":{"@type":"ImageObject","inLanguage":"fr-FR","@id":"https:\/\/group-acl.com\/#\/schema\/logo\/image\/","url":"https:\/\/group-acl.com\/wp-content\/uploads\/2025\/02\/cropped-ACL-LOGO-1-1.png","contentUrl":"https:\/\/group-acl.com\/wp-content\/uploads\/2025\/02\/cropped-ACL-LOGO-1-1.png","width":1106,"height":1098,"caption":"ACL Group"},"image":{"@id":"https:\/\/group-acl.com\/#\/schema\/logo\/image\/"},"sameAs":["https:\/\/www.facebook.com\/profile.php?id=61573459799469","https:\/\/www.linkedin.com\/company\/group-acl\/?viewAsMember=true"]}]}},"_links":{"self":[{"href":"https:\/\/group-acl.com\/index.php\/wp-json\/wp\/v2\/pages\/36","targetHints":{"allow":["GET"]}}],"collection":[{"href":"https:\/\/group-acl.com\/index.php\/wp-json\/wp\/v2\/pages"}],"about":[{"href":"https:\/\/group-acl.com\/index.php\/wp-json\/wp\/v2\/types\/page"}],"author":[{"embeddable":true,"href":"https:\/\/group-acl.com\/index.php\/wp-json\/wp\/v2\/users\/1"}],"replies":[{"embeddable":true,"href":"https:\/\/group-acl.com\/index.php\/wp-json\/wp\/v2\/comments?post=36"}],"version-history":[{"count":53,"href":"https:\/\/group-acl.com\/index.php\/wp-json\/wp\/v2\/pages\/36\/revisions"}],"predecessor-version":[{"id":656,"href":"https:\/\/group-acl.com\/index.php\/wp-json\/wp\/v2\/pages\/36\/revisions\/656"}],"wp:attachment":[{"href":"https:\/\/group-acl.com\/index.php\/wp-json\/wp\/v2\/media?parent=36"}],"curies":[{"name":"wp","href":"https:\/\/api.w.org\/{rel}","templated":true}]}}