{"id":254,"date":"2025-07-01T16:27:03","date_gmt":"2025-07-01T14:27:03","guid":{"rendered":"https:\/\/group-acl.com\/index.php\/nos-entreprises\/"},"modified":"2025-08-04T16:50:03","modified_gmt":"2025-08-04T14:50:03","slug":"nos-entreprises-btp-retail-conseil","status":"publish","type":"page","link":"https:\/\/group-acl.com\/index.php\/nos-entreprises-btp-retail-conseil\/","title":{"rendered":"Nos entreprises"},"content":{"rendered":"\n\n\n\n\n\n","protected":false},"excerpt":{"rendered":"","protected":false},"author":1,"featured_media":0,"parent":0,"menu_order":0,"comment_status":"closed","ping_status":"closed","template":"full-width","meta":{"saved_in_kubio":true,"footnotes":""},"class_list":["post-254","page","type-page","status-publish","hentry"],"kubio_ai_page_context":{"short_desc":"","purpose":"general"},"yoast_head":"<!-- This site is optimized with the Yoast SEO plugin v27.4 - https:\/\/yoast.com\/product\/yoast-seo-wordpress\/ -->\n<title>Nos entreprises \u2013 Diversit\u00e9 sectorielle en BTP, Retail et Conseil<\/title>\n<meta name=\"description\" content=\"Les entreprises \u00e0 la diversit\u00e9 sectorielle vari\u00e9e chez ACL GROUP : BTP, retail, architecture, finance et conseil - toutes en forte croissance.\" \/>\n<meta name=\"robots\" content=\"index, follow, max-snippet:-1, max-image-preview:large, max-video-preview:-1\" \/>\n<link rel=\"canonical\" href=\"https:\/\/group-acl.com\/index.php\/nos-entreprises-btp-retail-conseil\/\" \/>\n<meta property=\"og:locale\" content=\"fr_FR\" \/>\n<meta property=\"og:type\" content=\"article\" \/>\n<meta property=\"og:title\" content=\"Nos entreprises \u2013 Diversit\u00e9 sectorielle en BTP, Retail et Conseil\" \/>\n<meta property=\"og:description\" content=\"Les entreprises \u00e0 la diversit\u00e9 sectorielle vari\u00e9e chez ACL GROUP : BTP, retail, architecture, finance et conseil - toutes en forte croissance.\" \/>\n<meta property=\"og:url\" content=\"https:\/\/group-acl.com\/index.php\/nos-entreprises-btp-retail-conseil\/\" \/>\n<meta property=\"og:site_name\" content=\"ACL Group\" \/>\n<meta property=\"article:publisher\" content=\"https:\/\/www.facebook.com\/profile.php?id=61573459799469\" \/>\n<meta property=\"article:modified_time\" content=\"2025-08-04T14:50:03+00:00\" \/>\n<meta name=\"twitter:card\" content=\"summary_large_image\" \/>\n<meta name=\"twitter:label1\" content=\"Dur\u00e9e de lecture estim\u00e9e\" \/>\n\t<meta name=\"twitter:data1\" content=\"1 minute\" \/>\n<script type=\"application\/ld+json\" class=\"yoast-schema-graph\">{\"@context\":\"https:\\\/\\\/schema.org\",\"@graph\":[{\"@type\":\"WebPage\",\"@id\":\"https:\\\/\\\/group-acl.com\\\/index.php\\\/nos-entreprises-btp-retail-conseil\\\/\",\"url\":\"https:\\\/\\\/group-acl.com\\\/index.php\\\/nos-entreprises-btp-retail-conseil\\\/\",\"name\":\"Nos entreprises \u2013 Diversit\u00e9 sectorielle en BTP, Retail et Conseil\",\"isPartOf\":{\"@id\":\"https:\\\/\\\/group-acl.com\\\/#website\"},\"datePublished\":\"2025-07-01T14:27:03+00:00\",\"dateModified\":\"2025-08-04T14:50:03+00:00\",\"description\":\"Les entreprises \u00e0 la diversit\u00e9 sectorielle vari\u00e9e chez ACL GROUP : BTP, retail, architecture, finance et conseil - toutes en forte croissance.\",\"breadcrumb\":{\"@id\":\"https:\\\/\\\/group-acl.com\\\/index.php\\\/nos-entreprises-btp-retail-conseil\\\/#breadcrumb\"},\"inLanguage\":\"fr-FR\",\"potentialAction\":[{\"@type\":\"ReadAction\",\"target\":[\"https:\\\/\\\/group-acl.com\\\/index.php\\\/nos-entreprises-btp-retail-conseil\\\/\"]}]},{\"@type\":\"BreadcrumbList\",\"@id\":\"https:\\\/\\\/group-acl.com\\\/index.php\\\/nos-entreprises-btp-retail-conseil\\\/#breadcrumb\",\"itemListElement\":[{\"@type\":\"ListItem\",\"position\":1,\"name\":\"Accueil\",\"item\":\"https:\\\/\\\/group-acl.com\\\/\"},{\"@type\":\"ListItem\",\"position\":2,\"name\":\"Nos entreprises\"}]},{\"@type\":\"WebSite\",\"@id\":\"https:\\\/\\\/group-acl.com\\\/#website\",\"url\":\"https:\\\/\\\/group-acl.com\\\/\",\"name\":\"ACL Group\",\"description\":\"Diversit\u00e9 d&#039;activit\u00e9s, Unit\u00e9 de succ\u00e8s\",\"publisher\":{\"@id\":\"https:\\\/\\\/group-acl.com\\\/#organization\"},\"potentialAction\":[{\"@type\":\"SearchAction\",\"target\":{\"@type\":\"EntryPoint\",\"urlTemplate\":\"https:\\\/\\\/group-acl.com\\\/?s={search_term_string}\"},\"query-input\":{\"@type\":\"PropertyValueSpecification\",\"valueRequired\":true,\"valueName\":\"search_term_string\"}}],\"inLanguage\":\"fr-FR\"},{\"@type\":\"Organization\",\"@id\":\"https:\\\/\\\/group-acl.com\\\/#organization\",\"name\":\"ACL Group\",\"url\":\"https:\\\/\\\/group-acl.com\\\/\",\"logo\":{\"@type\":\"ImageObject\",\"inLanguage\":\"fr-FR\",\"@id\":\"https:\\\/\\\/group-acl.com\\\/#\\\/schema\\\/logo\\\/image\\\/\",\"url\":\"https:\\\/\\\/group-acl.com\\\/wp-content\\\/uploads\\\/2025\\\/02\\\/cropped-ACL-LOGO-1-1.png\",\"contentUrl\":\"https:\\\/\\\/group-acl.com\\\/wp-content\\\/uploads\\\/2025\\\/02\\\/cropped-ACL-LOGO-1-1.png\",\"width\":1106,\"height\":1098,\"caption\":\"ACL Group\"},\"image\":{\"@id\":\"https:\\\/\\\/group-acl.com\\\/#\\\/schema\\\/logo\\\/image\\\/\"},\"sameAs\":[\"https:\\\/\\\/www.facebook.com\\\/profile.php?id=61573459799469\",\"https:\\\/\\\/www.linkedin.com\\\/company\\\/group-acl\\\/?viewAsMember=true\"]}]}<\/script>\n<!-- \/ Yoast SEO plugin. -->","yoast_head_json":{"title":"Nos entreprises \u2013 Diversit\u00e9 sectorielle en BTP, Retail et Conseil","description":"Les entreprises \u00e0 la diversit\u00e9 sectorielle vari\u00e9e chez ACL GROUP : BTP, retail, architecture, finance et conseil - toutes en forte croissance.","robots":{"index":"index","follow":"follow","max-snippet":"max-snippet:-1","max-image-preview":"max-image-preview:large","max-video-preview":"max-video-preview:-1"},"canonical":"https:\/\/group-acl.com\/index.php\/nos-entreprises-btp-retail-conseil\/","og_locale":"fr_FR","og_type":"article","og_title":"Nos entreprises \u2013 Diversit\u00e9 sectorielle en BTP, Retail et Conseil","og_description":"Les entreprises \u00e0 la diversit\u00e9 sectorielle vari\u00e9e chez ACL GROUP : BTP, retail, architecture, finance et conseil - toutes en forte croissance.","og_url":"https:\/\/group-acl.com\/index.php\/nos-entreprises-btp-retail-conseil\/","og_site_name":"ACL Group","article_publisher":"https:\/\/www.facebook.com\/profile.php?id=61573459799469","article_modified_time":"2025-08-04T14:50:03+00:00","twitter_card":"summary_large_image","twitter_misc":{"Dur\u00e9e de lecture estim\u00e9e":"1 minute"},"schema":{"@context":"https:\/\/schema.org","@graph":[{"@type":"WebPage","@id":"https:\/\/group-acl.com\/index.php\/nos-entreprises-btp-retail-conseil\/","url":"https:\/\/group-acl.com\/index.php\/nos-entreprises-btp-retail-conseil\/","name":"Nos entreprises \u2013 Diversit\u00e9 sectorielle en BTP, Retail et Conseil","isPartOf":{"@id":"https:\/\/group-acl.com\/#website"},"datePublished":"2025-07-01T14:27:03+00:00","dateModified":"2025-08-04T14:50:03+00:00","description":"Les entreprises \u00e0 la diversit\u00e9 sectorielle vari\u00e9e chez ACL GROUP : BTP, retail, architecture, finance et conseil - toutes en forte croissance.","breadcrumb":{"@id":"https:\/\/group-acl.com\/index.php\/nos-entreprises-btp-retail-conseil\/#breadcrumb"},"inLanguage":"fr-FR","potentialAction":[{"@type":"ReadAction","target":["https:\/\/group-acl.com\/index.php\/nos-entreprises-btp-retail-conseil\/"]}]},{"@type":"BreadcrumbList","@id":"https:\/\/group-acl.com\/index.php\/nos-entreprises-btp-retail-conseil\/#breadcrumb","itemListElement":[{"@type":"ListItem","position":1,"name":"Accueil","item":"https:\/\/group-acl.com\/"},{"@type":"ListItem","position":2,"name":"Nos entreprises"}]},{"@type":"WebSite","@id":"https:\/\/group-acl.com\/#website","url":"https:\/\/group-acl.com\/","name":"ACL Group","description":"Diversit\u00e9 d&#039;activit\u00e9s, Unit\u00e9 de succ\u00e8s","publisher":{"@id":"https:\/\/group-acl.com\/#organization"},"potentialAction":[{"@type":"SearchAction","target":{"@type":"EntryPoint","urlTemplate":"https:\/\/group-acl.com\/?s={search_term_string}"},"query-input":{"@type":"PropertyValueSpecification","valueRequired":true,"valueName":"search_term_string"}}],"inLanguage":"fr-FR"},{"@type":"Organization","@id":"https:\/\/group-acl.com\/#organization","name":"ACL Group","url":"https:\/\/group-acl.com\/","logo":{"@type":"ImageObject","inLanguage":"fr-FR","@id":"https:\/\/group-acl.com\/#\/schema\/logo\/image\/","url":"https:\/\/group-acl.com\/wp-content\/uploads\/2025\/02\/cropped-ACL-LOGO-1-1.png","contentUrl":"https:\/\/group-acl.com\/wp-content\/uploads\/2025\/02\/cropped-ACL-LOGO-1-1.png","width":1106,"height":1098,"caption":"ACL Group"},"image":{"@id":"https:\/\/group-acl.com\/#\/schema\/logo\/image\/"},"sameAs":["https:\/\/www.facebook.com\/profile.php?id=61573459799469","https:\/\/www.linkedin.com\/company\/group-acl\/?viewAsMember=true"]}]}},"_links":{"self":[{"href":"https:\/\/group-acl.com\/index.php\/wp-json\/wp\/v2\/pages\/254","targetHints":{"allow":["GET"]}}],"collection":[{"href":"https:\/\/group-acl.com\/index.php\/wp-json\/wp\/v2\/pages"}],"about":[{"href":"https:\/\/group-acl.com\/index.php\/wp-json\/wp\/v2\/types\/page"}],"author":[{"embeddable":true,"href":"https:\/\/group-acl.com\/index.php\/wp-json\/wp\/v2\/users\/1"}],"replies":[{"embeddable":true,"href":"https:\/\/group-acl.com\/index.php\/wp-json\/wp\/v2\/comments?post=254"}],"version-history":[{"count":21,"href":"https:\/\/group-acl.com\/index.php\/wp-json\/wp\/v2\/pages\/254\/revisions"}],"predecessor-version":[{"id":494,"href":"https:\/\/group-acl.com\/index.php\/wp-json\/wp\/v2\/pages\/254\/revisions\/494"}],"wp:attachment":[{"href":"https:\/\/group-acl.com\/index.php\/wp-json\/wp\/v2\/media?parent=254"}],"curies":[{"name":"wp","href":"https:\/\/api.w.org\/{rel}","templated":true}]}}